{"id":116,"date":"2025-10-02T01:44:48","date_gmt":"2025-10-01T23:44:48","guid":{"rendered":"https:\/\/python-ai.pl\/?page_id=116"},"modified":"2025-11-26T18:13:20","modified_gmt":"2025-11-26T17:13:20","slug":"projekty","status":"publish","type":"page","link":"https:\/\/python-ai.pl\/?page_id=116","title":{"rendered":"Projekty"},"content":{"rendered":"\n<h3 class=\"wp-block-heading has-text-align-center\"><strong>World<\/strong><\/h3>\n\n\n\n<h4 class=\"wp-block-heading\">Projekt dost\u0119pny na GitHubie, prosta strona oparta na HTML, CSS i JS, rozwijana jako eksperyment z pomoc\u0105 AI.<\/h4>\n\n\n\n<div class=\"wp-block-columns is-layout-flex wp-container-core-columns-is-layout-9d6595d7 wp-block-columns-is-layout-flex\">\n<div class=\"wp-block-column is-layout-flow wp-block-column-is-layout-flow\" style=\"flex-basis:100%\">\n<div class=\"wp-block-group is-horizontal is-content-justification-center is-nowrap is-layout-flex wp-container-core-group-is-layout-5a79b3e0 wp-block-group-is-layout-flex\">\n<div class=\"wp-block-buttons is-content-justification-left is-layout-flex wp-container-core-buttons-is-layout-fdcfc74e wp-block-buttons-is-layout-flex\">\n<div class=\"wp-block-button has-custom-width wp-block-button__width-100\"><a class=\"wp-block-button__link wp-element-button\" href=\"https:\/\/traininguniverse.github.io\/world\/\"><strong>Demo<\/strong><\/a><\/div>\n<\/div>\n\n\n\n<div class=\"wp-block-group is-vertical is-nowrap is-layout-flex wp-container-core-group-is-layout-947ac36b wp-block-group-is-layout-flex\">\n<div class=\"wp-block-buttons is-layout-flex wp-block-buttons-is-layout-flex\">\n<div class=\"wp-block-button has-custom-width wp-block-button__width-100\"><a class=\"wp-block-button__link wp-element-button\" href=\"https:\/\/github.com\/traininguniverse\/world\"><strong>Repozytorium<\/strong><\/a><\/div>\n<\/div>\n<\/div>\n<\/div>\n<\/div>\n<\/div>\n\n\n<div id=\"metaslider-id-138\" style=\"width: 100%;\" class=\"ml-slider-3-107-0 metaslider metaslider-flex metaslider-138 ml-slider has-dots-nav ms-theme-default-base\" role=\"region\" aria-label=\"world\" data-height=\"300\" data-width=\"700\">\n    <div id=\"metaslider_container_138\">\n        <div id=\"metaslider_138\">\n            <ul aria-live='off' class='slides'>\n                <li style=\"display: block; width: 100%;\" class=\"slide-139 ms-image \" aria-roledescription=\"slide\" data-date=\"2025-10-02 01:25:08\" data-filename=\"Zrzut-ekranu-z-2025-10-02-01-04-03-2.png\" data-slide-type=\"image\"><img loading=\"lazy\" decoding=\"async\" src=\"https:\/\/python-ai.pl\/wp-content\/uploads\/2025\/10\/Zrzut-ekranu-z-2025-10-02-01-04-03-2.png\" height=\"300\" width=\"700\" alt=\"\" class=\"slider-138 slide-139 msDefaultImage\" title=\"Zrzut-ekranu-z-2025-10-02-01-04-03-2\" \/><\/li>\n                <li style=\"display: none; width: 100%;\" class=\"slide-140 ms-image \" aria-roledescription=\"slide\" data-date=\"2025-10-02 01:25:15\" data-filename=\"Zrzut-ekranu-z-2025-10-02-01-13-52-2.png\" data-slide-type=\"image\"><img loading=\"lazy\" decoding=\"async\" src=\"https:\/\/python-ai.pl\/wp-content\/uploads\/2025\/10\/Zrzut-ekranu-z-2025-10-02-01-13-52-2.png\" height=\"300\" width=\"700\" alt=\"\" class=\"slider-138 slide-140 msDefaultImage\" title=\"Zrzut-ekranu-z-2025-10-02-01-13-52-2\" \/><\/li>\n                <li style=\"display: none; width: 100%;\" class=\"slide-141 ms-image \" aria-roledescription=\"slide\" data-date=\"2025-10-02 01:25:21\" data-filename=\"Zrzut-ekranu-z-2025-10-02-01-14-20-2.png\" data-slide-type=\"image\"><img loading=\"lazy\" decoding=\"async\" src=\"https:\/\/python-ai.pl\/wp-content\/uploads\/2025\/10\/Zrzut-ekranu-z-2025-10-02-01-14-20-2.png\" height=\"300\" width=\"700\" alt=\"\" class=\"slider-138 slide-141 msDefaultImage\" title=\"Zrzut-ekranu-z-2025-10-02-01-14-20-2\" \/><\/li>\n            <\/ul>\n        <\/div>\n        \n    <\/div>\n<\/div>\n\n\n\n<div style=\"height:100px\" aria-hidden=\"true\" class=\"wp-block-spacer\"><\/div>\n\n\n\n<hr class=\"wp-block-separator has-alpha-channel-opacity\"\/>\n\n\n\n<div style=\"height:100px\" aria-hidden=\"true\" class=\"wp-block-spacer\"><\/div>\n\n\n\n<h3 class=\"wp-block-heading has-text-align-center\"><strong>Szara Piechota<\/strong><\/h3>\n\n\n\n<h4 class=\"wp-block-heading\">\u201eSzara Piechota\u201d to patriotyczny odtwarzacz muzyczny, kt\u00f3ry synchronizuje tekst piosenki z odtwarzan\u0105 muzyk\u0105.<\/h4>\n\n\n\n<div class=\"wp-block-group is-horizontal is-content-justification-center is-nowrap is-layout-flex wp-container-core-group-is-layout-5a79b3e0 wp-block-group-is-layout-flex\">\n<div class=\"wp-block-buttons is-content-justification-left is-layout-flex wp-container-core-buttons-is-layout-fdcfc74e wp-block-buttons-is-layout-flex\">\n<div class=\"wp-block-button has-custom-width wp-block-button__width-100\"><a class=\"wp-block-button__link wp-element-button\" href=\"https:\/\/szara-piechota-song.web.app\/\"><strong>Demo<\/strong><\/a><\/div>\n<\/div>\n\n\n\n<div class=\"wp-block-group is-vertical is-nowrap is-layout-flex wp-container-core-group-is-layout-947ac36b wp-block-group-is-layout-flex\">\n<div class=\"wp-block-buttons is-layout-flex wp-block-buttons-is-layout-flex\">\n<div class=\"wp-block-button has-custom-width wp-block-button__width-100\"><a class=\"wp-block-button__link wp-element-button\" href=\"https:\/\/github.com\/traininguniverse\/szara-piechota\"><strong>Repozytorium<\/strong><\/a><\/div>\n<\/div>\n<\/div>\n<\/div>\n\n\n<div id=\"metaslider-id-151\" style=\"width: 100%;\" class=\"ml-slider-3-107-0 metaslider metaslider-flex metaslider-151 ml-slider has-dots-nav ms-theme-default-base\" role=\"region\" aria-label=\"Szara Piechota\" data-height=\"1080\" data-width=\"1920\">\n    <div id=\"metaslider_container_151\">\n        <div id=\"metaslider_151\">\n            <ul aria-live='off' class='slides'>\n                <li style=\"display: block; width: 100%;\" class=\"slide-155 ms-image \" aria-roledescription=\"slide\" data-date=\"2025-10-02 01:53:40\" data-filename=\"Zrzut-ekranu-z-2025-10-02-01-52-30-1830x1029.png\" data-slide-type=\"image\"><img loading=\"lazy\" decoding=\"async\" src=\"https:\/\/python-ai.pl\/wp-content\/uploads\/2025\/10\/Zrzut-ekranu-z-2025-10-02-01-52-30-1830x1029.png\" height=\"1080\" width=\"1920\" alt=\"\" class=\"slider-151 slide-155 msDefaultImage\" title=\"Zrzut ekranu z 2025-10-02 01-52-30\" \/><\/li>\n                <li style=\"display: none; width: 100%;\" class=\"slide-154 ms-image \" aria-roledescription=\"slide\" data-date=\"2025-10-02 01:53:19\" data-filename=\"Zrzut-ekranu-z-2025-10-02-01-52-46-1830x1029.png\" data-slide-type=\"image\"><img loading=\"lazy\" decoding=\"async\" src=\"https:\/\/python-ai.pl\/wp-content\/uploads\/2025\/10\/Zrzut-ekranu-z-2025-10-02-01-52-46-1830x1029.png\" height=\"1080\" width=\"1920\" alt=\"\" class=\"slider-151 slide-154 msDefaultImage\" title=\"Zrzut ekranu z 2025-10-02 01-52-46\" \/><\/li>\n                <li style=\"display: none; width: 100%;\" class=\"slide-157 ms-image \" aria-roledescription=\"slide\" data-date=\"2025-10-02 02:07:08\" data-filename=\"Zrzut-ekranu-z-2025-10-02-02-06-44-1830x1029.png\" data-slide-type=\"image\"><img loading=\"lazy\" decoding=\"async\" src=\"https:\/\/python-ai.pl\/wp-content\/uploads\/2025\/10\/Zrzut-ekranu-z-2025-10-02-02-06-44-1830x1029.png\" height=\"1080\" width=\"1920\" alt=\"\" class=\"slider-151 slide-157 msDefaultImage\" title=\"Zrzut ekranu z 2025-10-02 02-06-44\" \/><\/li>\n            <\/ul>\n        <\/div>\n        \n    <\/div>\n<\/div>\n\n\n\n<div style=\"height:100px\" aria-hidden=\"true\" class=\"wp-block-spacer\"><\/div>\n\n\n\n<hr class=\"wp-block-separator has-alpha-channel-opacity\"\/>\n\n\n\n<div style=\"height:100px\" aria-hidden=\"true\" class=\"wp-block-spacer\"><\/div>\n\n\n\n<h3 class=\"wp-block-heading has-text-align-center\"><strong>Cosmic Game<\/strong><\/h3>\n\n\n\n<h4 class=\"wp-block-heading\">Kosmiczna gra dost\u0119pna w wersji przegl\u0105darkowej, mobilnej i konsolowej.<\/h4>\n\n\n\n<div class=\"wp-block-group has-small-font-size is-content-justification-center is-nowrap is-layout-flex wp-container-core-group-is-layout-94bc23d7 wp-block-group-is-layout-flex\">\n<div class=\"wp-block-group is-nowrap is-layout-flex wp-container-core-group-is-layout-ad2f72ca wp-block-group-is-layout-flex\">\n<div class=\"wp-block-buttons is-content-justification-left is-layout-flex wp-container-core-buttons-is-layout-fdcfc74e wp-block-buttons-is-layout-flex\">\n<div class=\"wp-block-button has-custom-width wp-block-button__width-100\"><a class=\"wp-block-button__link wp-element-button\" href=\"https:\/\/traininguniverse.github.io\/CosmicGame\/\"><strong>Demo &#8211; wersja webowa<\/strong><\/a><\/div>\n<\/div>\n\n\n\n<div class=\"wp-block-buttons is-layout-flex wp-block-buttons-is-layout-flex\">\n<div class=\"wp-block-button\"><a class=\"wp-block-button__link wp-element-button\" href=\"https:\/\/github.com\/traininguniverse\/CosmicGame\/releases\"><strong>Demo &#8211; wersja mobilna<\/strong><\/a><\/div>\n<\/div>\n\n\n\n<div class=\"wp-block-buttons is-layout-flex wp-block-buttons-is-layout-flex\">\n<div class=\"wp-block-button\"><a class=\"wp-block-button__link wp-element-button\" href=\"https:\/\/github.com\/traininguniverse\/CosmicGame\/blob\/main\/console.py\"><strong>Demo &#8211; wersja konsolowa<\/strong><\/a><\/div>\n<\/div>\n\n\n\n<div class=\"wp-block-group is-vertical is-nowrap is-layout-flex wp-container-core-group-is-layout-947ac36b wp-block-group-is-layout-flex\">\n<div class=\"wp-block-buttons is-layout-flex wp-block-buttons-is-layout-flex\">\n<div class=\"wp-block-button has-custom-width wp-block-button__width-100\"><a class=\"wp-block-button__link wp-element-button\" href=\"https:\/\/github.com\/traininguniverse\/CosmicGame\"><strong>Repozytorium<\/strong><\/a><\/div>\n<\/div>\n<\/div>\n<\/div>\n<\/div>\n\n\n<div id=\"metaslider-id-159\" style=\"width: 100%;\" class=\"ml-slider-3-107-0 metaslider metaslider-flex metaslider-159 ml-slider has-dots-nav ms-theme-default-base\" role=\"region\" aria-label=\"Cosmic Game\" data-height=\"1080\" data-width=\"1920\">\n    <div id=\"metaslider_container_159\">\n        <div id=\"metaslider_159\">\n            <ul aria-live='off' class='slides'>\n                <li style=\"display: block; width: 100%;\" class=\"slide-161 ms-image \" aria-roledescription=\"slide\" data-date=\"2025-10-02 02:16:44\" data-filename=\"Zrzut-ekranu-z-2025-10-02-02-15-59-1830x1029.png\" data-slide-type=\"image\"><img loading=\"lazy\" decoding=\"async\" src=\"https:\/\/python-ai.pl\/wp-content\/uploads\/2025\/10\/Zrzut-ekranu-z-2025-10-02-02-15-59-1830x1029.png\" height=\"1080\" width=\"1920\" alt=\"\" class=\"slider-159 slide-161 msDefaultImage\" title=\"Zrzut ekranu z 2025-10-02 02-15-59\" \/><\/li>\n                <li style=\"display: none; width: 100%;\" class=\"slide-163 ms-image \" aria-roledescription=\"slide\" data-date=\"2025-10-02 02:22:03\" data-filename=\"ChatGPT-Image-2-paz-2025-02_33_22-1536x864.png\" data-slide-type=\"image\"><img loading=\"lazy\" decoding=\"async\" src=\"https:\/\/python-ai.pl\/wp-content\/uploads\/2025\/10\/ChatGPT-Image-2-paz-2025-02_33_22-1536x864.png\" height=\"1080\" width=\"1920\" alt=\"\" class=\"slider-159 slide-163 msDefaultImage\" title=\"ChatGPT Image 2 pa\u017a 2025, 02_33_22\" \/><\/li>\n                <li style=\"display: none; width: 100%;\" class=\"slide-165 ms-image \" aria-roledescription=\"slide\" data-date=\"2025-10-02 02:25:08\" data-filename=\"MobileCosmiGame.png\" data-slide-type=\"image\"><img loading=\"lazy\" decoding=\"async\" src=\"https:\/\/python-ai.pl\/wp-content\/uploads\/2025\/10\/MobileCosmiGame.png\" height=\"1080\" width=\"1920\" alt=\"\" class=\"slider-159 slide-165 msDefaultImage\" title=\"MobileCosmiGame\" \/><\/li>\n            <\/ul>\n        <\/div>\n        \n    <\/div>\n<\/div>\n\n\n\n<div style=\"height:100px\" aria-hidden=\"true\" class=\"wp-block-spacer\"><\/div>\n\n\n\n<hr class=\"wp-block-separator has-alpha-channel-opacity\"\/>\n\n\n\n<div style=\"height:100px\" aria-hidden=\"true\" class=\"wp-block-spacer\"><\/div>\n\n\n\n<h3 class=\"wp-block-heading has-text-align-center\">Calculator Progress<\/h3>\n\n\n\n<h4 class=\"wp-block-heading\">Prosty kalkulator post\u0119p\u00f3w, stworzony z pomoc\u0105 AI.<\/h4>\n\n\n\n<div class=\"wp-block-buttons is-content-justification-center is-layout-flex wp-container-core-buttons-is-layout-8057eaf3 wp-block-buttons-is-layout-flex\">\n<div class=\"wp-block-button\"><a class=\"wp-block-button__link wp-element-button\" href=\"https:\/\/github.com\/traininguniverse\/calculator-progress\"><strong>Repozytorium<\/strong><\/a><\/div>\n<\/div>\n\n\n\n<figure class=\"wp-block-boldblocks-youtube-block\"><div id=\"yb-video-4-IbllfBRVc\" class=\"yb-player\" data-video-id=\"4-IbllfBRVc\" data-title=\"Play\" style=\"background-image:url(https:\/\/img.youtube.com\/vi\/4-IbllfBRVc\/hqdefault.jpg)\"><button type=\"button\" class=\"yb-btn-play\"><span class=\"visually-hidden\">Play<\/span><\/button><\/div><\/figure>\n\n\n\n<div style=\"height:100px\" aria-hidden=\"true\" class=\"wp-block-spacer\"><\/div>\n\n\n\n<hr class=\"wp-block-separator has-alpha-channel-opacity\"\/>\n\n\n\n<div style=\"height:100px\" aria-hidden=\"true\" class=\"wp-block-spacer\"><\/div>\n\n\n\n<h3 class=\"wp-block-heading has-text-align-center\">Radio FM App &#8211; Android<\/h3>\n\n\n\n<h4 class=\"wp-block-heading\">Prosta aplikacja na Android napisana w Java. Stworzona z pomoc\u0105 AI.<\/h4>\n\n\n\n<div class=\"wp-block-buttons is-content-justification-center is-layout-flex wp-container-core-buttons-is-layout-16018d1d wp-block-buttons-is-layout-flex\">\n<div class=\"wp-block-button\"><a class=\"wp-block-button__link wp-element-button\" href=\"https:\/\/github.com\/traininguniverse\/AppRadioFM\"><strong>Repozytorium<\/strong><\/a><\/div>\n<\/div>\n\n\n<div class=\"wp-block-image\">\n<figure class=\"aligncenter size-large is-resized\"><img loading=\"lazy\" decoding=\"async\" width=\"1024\" height=\"1024\" src=\"https:\/\/python-ai.pl\/wp-content\/uploads\/2025\/10\/Screenshot_20251015_180415_Radio-FM-1-1024x1024.jpg\" alt=\"\" class=\"wp-image-185\" style=\"width:483px;height:auto\" srcset=\"https:\/\/python-ai.pl\/wp-content\/uploads\/2025\/10\/Screenshot_20251015_180415_Radio-FM-1-1024x1024.jpg 1024w, https:\/\/python-ai.pl\/wp-content\/uploads\/2025\/10\/Screenshot_20251015_180415_Radio-FM-1-300x300.jpg 300w, https:\/\/python-ai.pl\/wp-content\/uploads\/2025\/10\/Screenshot_20251015_180415_Radio-FM-1-150x150.jpg 150w, https:\/\/python-ai.pl\/wp-content\/uploads\/2025\/10\/Screenshot_20251015_180415_Radio-FM-1-768x769.jpg 768w, https:\/\/python-ai.pl\/wp-content\/uploads\/2025\/10\/Screenshot_20251015_180415_Radio-FM-1.jpg 1076w\" sizes=\"auto, (max-width: 1024px) 100vw, 1024px\" \/><\/figure>\n<\/div>\n\n\n<div style=\"height:100px\" aria-hidden=\"true\" class=\"wp-block-spacer\"><\/div>\n\n\n\n<hr class=\"wp-block-separator has-alpha-channel-opacity\"\/>\n\n\n\n<div style=\"height:100px\" aria-hidden=\"true\" class=\"wp-block-spacer\"><\/div>\n\n\n\n<h3 class=\"wp-block-heading has-text-align-center\"><strong>TO DO LIST &#8211; Lista Zakup\u00f3w od r\u0119ki<\/strong><\/h3>\n\n\n\n<h4 class=\"wp-block-heading\"><strong>Najpro\u015b<\/strong>ciej jak mo\u017cna:<br>-dodawanie produkt\u00f3w<br>-oraz ich usuwanie<\/h4>\n\n\n\n<p>Utworzone r\u0119cznie z wszystkimi funkcjolno\u015bciami. A przetworzone poprzez AI na responsywan\u0105 wersj\u0119 webow\u0105: od desktopa po urz\u0105dzenia mobilne.<\/p>\n\n\n\n<div class=\"wp-block-buttons is-content-justification-center is-layout-flex wp-container-core-buttons-is-layout-16018d1d wp-block-buttons-is-layout-flex\">\n<div class=\"wp-block-button\"><a class=\"wp-block-button__link wp-element-button\" href=\"https:\/\/github.com\/traininguniverse\/shopping-list\"><strong>Repozytorium<\/strong><\/a><\/div>\n<\/div>\n\n\n\n<p class=\"has-text-align-center\"><strong>Wersja w Pythonie konsolowa<\/strong><br>(dane przechowywane w pliku tekstowym zakupy.txt):<\/p>\n\n\n<div class=\"wp-block-image\">\n<figure class=\"aligncenter size-full\"><img loading=\"lazy\" decoding=\"async\" width=\"583\" height=\"792\" src=\"https:\/\/python-ai.pl\/wp-content\/uploads\/2025\/11\/obraz.png\" alt=\"\" class=\"wp-image-190\" srcset=\"https:\/\/python-ai.pl\/wp-content\/uploads\/2025\/11\/obraz.png 583w, https:\/\/python-ai.pl\/wp-content\/uploads\/2025\/11\/obraz-221x300.png 221w\" sizes=\"auto, (max-width: 583px) 100vw, 583px\" \/><\/figure>\n<\/div>\n\n\n<p class=\"has-text-align-center\"><strong>Wersja w Canvas przegl\u0105darkowa<\/strong><br>(dane przechowywane w przegl\u0105darce w LocalStorage):<\/p>\n\n\n<div class=\"wp-block-image\">\n<figure class=\"aligncenter size-full\"><img loading=\"lazy\" decoding=\"async\" width=\"524\" height=\"558\" src=\"https:\/\/python-ai.pl\/wp-content\/uploads\/2025\/11\/obraz-1.png\" alt=\"\" class=\"wp-image-191\" srcset=\"https:\/\/python-ai.pl\/wp-content\/uploads\/2025\/11\/obraz-1.png 524w, https:\/\/python-ai.pl\/wp-content\/uploads\/2025\/11\/obraz-1-282x300.png 282w\" sizes=\"auto, (max-width: 524px) 100vw, 524px\" \/><\/figure>\n<\/div>\n\n\n<div style=\"height:100px\" aria-hidden=\"true\" class=\"wp-block-spacer\"><\/div>\n\n\n\n<hr class=\"wp-block-separator has-alpha-channel-opacity\"\/>\n\n\n\n<p><\/p>\n","protected":false},"excerpt":{"rendered":"<p>World Projekt dost\u0119pny na GitHubie, prosta strona oparta na HTML, CSS i JS, rozwijana jako eksperyment z pomoc\u0105 AI. Szara Piechota \u201eSzara Piechota\u201d to patriotyczny odtwarzacz muzyczny, kt\u00f3ry synchronizuje tekst piosenki z odtwarzan\u0105 muzyk\u0105. Cosmic Game Kosmiczna gra dost\u0119pna w wersji przegl\u0105darkowej, mobilnej i konsolowej. Calculator Progress Prosty kalkulator post\u0119p\u00f3w, stworzony z pomoc\u0105 AI. Radio [&hellip;]<\/p>\n","protected":false},"author":1,"featured_media":0,"parent":0,"menu_order":0,"comment_status":"closed","ping_status":"closed","template":"","meta":{"footnotes":""},"class_list":["post-116","page","type-page","status-publish","hentry"],"jetpack_sharing_enabled":true,"_links":{"self":[{"href":"https:\/\/python-ai.pl\/index.php?rest_route=\/wp\/v2\/pages\/116","targetHints":{"allow":["GET"]}}],"collection":[{"href":"https:\/\/python-ai.pl\/index.php?rest_route=\/wp\/v2\/pages"}],"about":[{"href":"https:\/\/python-ai.pl\/index.php?rest_route=\/wp\/v2\/types\/page"}],"author":[{"embeddable":true,"href":"https:\/\/python-ai.pl\/index.php?rest_route=\/wp\/v2\/users\/1"}],"replies":[{"embeddable":true,"href":"https:\/\/python-ai.pl\/index.php?rest_route=%2Fwp%2Fv2%2Fcomments&post=116"}],"version-history":[{"count":34,"href":"https:\/\/python-ai.pl\/index.php?rest_route=\/wp\/v2\/pages\/116\/revisions"}],"predecessor-version":[{"id":207,"href":"https:\/\/python-ai.pl\/index.php?rest_route=\/wp\/v2\/pages\/116\/revisions\/207"}],"wp:attachment":[{"href":"https:\/\/python-ai.pl\/index.php?rest_route=%2Fwp%2Fv2%2Fmedia&parent=116"}],"curies":[{"name":"wp","href":"https:\/\/api.w.org\/{rel}","templated":true}]}}