{"id":214,"date":"2025-11-26T18:19:14","date_gmt":"2025-11-26T17:19:14","guid":{"rendered":"https:\/\/python-ai.pl\/?page_id=214"},"modified":"2025-11-26T18:19:14","modified_gmt":"2025-11-26T17:19:14","slug":"calculator-progress","status":"publish","type":"page","link":"https:\/\/python-ai.pl\/?page_id=214","title":{"rendered":"Calculator Progress"},"content":{"rendered":"\n<h4 class=\"wp-block-heading\">Prosty kalkulator post\u0119p\u00f3w, stworzony z pomoc\u0105 AI.<\/h4>\n\n\n\n<div class=\"wp-block-buttons is-content-justification-center is-layout-flex wp-container-core-buttons-is-layout-8057eaf3 wp-block-buttons-is-layout-flex\">\n<div class=\"wp-block-button\"><a class=\"wp-block-button__link wp-element-button\" href=\"https:\/\/github.com\/traininguniverse\/calculator-progress\"><strong>Repozytorium<\/strong><\/a><\/div>\n<\/div>\n\n\n\n<figure class=\"wp-block-boldblocks-youtube-block\"><div id=\"yb-video-4-IbllfBRVc\" class=\"yb-player\" data-video-id=\"4-IbllfBRVc\" data-title=\"Play\" style=\"background-image:url(https:\/\/img.youtube.com\/vi\/4-IbllfBRVc\/hqdefault.jpg)\"><button type=\"button\" class=\"yb-btn-play\"><span class=\"visually-hidden\">Play<\/span><\/button><\/div><\/figure>\n","protected":false},"excerpt":{"rendered":"<p>Prosty kalkulator post\u0119p\u00f3w, stworzony z pomoc\u0105 AI.<\/p>\n","protected":false},"author":1,"featured_media":0,"parent":0,"menu_order":0,"comment_status":"closed","ping_status":"closed","template":"","meta":{"footnotes":""},"class_list":["post-214","page","type-page","status-publish","hentry"],"jetpack_sharing_enabled":true,"_links":{"self":[{"href":"https:\/\/python-ai.pl\/index.php?rest_route=\/wp\/v2\/pages\/214","targetHints":{"allow":["GET"]}}],"collection":[{"href":"https:\/\/python-ai.pl\/index.php?rest_route=\/wp\/v2\/pages"}],"about":[{"href":"https:\/\/python-ai.pl\/index.php?rest_route=\/wp\/v2\/types\/page"}],"author":[{"embeddable":true,"href":"https:\/\/python-ai.pl\/index.php?rest_route=\/wp\/v2\/users\/1"}],"replies":[{"embeddable":true,"href":"https:\/\/python-ai.pl\/index.php?rest_route=%2Fwp%2Fv2%2Fcomments&post=214"}],"version-history":[{"count":1,"href":"https:\/\/python-ai.pl\/index.php?rest_route=\/wp\/v2\/pages\/214\/revisions"}],"predecessor-version":[{"id":215,"href":"https:\/\/python-ai.pl\/index.php?rest_route=\/wp\/v2\/pages\/214\/revisions\/215"}],"wp:attachment":[{"href":"https:\/\/python-ai.pl\/index.php?rest_route=%2Fwp%2Fv2%2Fmedia&parent=214"}],"curies":[{"name":"wp","href":"https:\/\/api.w.org\/{rel}","templated":true}]}}