{"id":218,"date":"2025-11-26T18:20:23","date_gmt":"2025-11-26T17:20:23","guid":{"rendered":"https:\/\/python-ai.pl\/?page_id=218"},"modified":"2025-11-26T18:49:35","modified_gmt":"2025-11-26T17:49:35","slug":"to-do-list-lista-zakupow-od-reki","status":"publish","type":"page","link":"https:\/\/python-ai.pl\/?page_id=218","title":{"rendered":"SHOPPING LIST &#8211; Lista Zakup\u00f3w od r\u0119ki"},"content":{"rendered":"\n<h4 class=\"wp-block-heading\"><strong>Najpro\u015b<\/strong>ciej jak mo\u017cna:<br>-dodawanie produkt\u00f3w<br>-oraz ich usuwanie<\/h4>\n\n\n\n<p>Utworzone r\u0119cznie z wszystkimi funkcjolno\u015bciami. A przetworzone poprzez AI na responsywan\u0105 wersj\u0119 webow\u0105: od desktopa po urz\u0105dzenia mobilne.<\/p>\n\n\n\n<div class=\"wp-block-buttons is-content-justification-center is-layout-flex wp-container-core-buttons-is-layout-16018d1d wp-block-buttons-is-layout-flex\">\n<div class=\"wp-block-button\"><a class=\"wp-block-button__link wp-element-button\" href=\"https:\/\/github.com\/traininguniverse\/shopping-list\"><strong>Repozytorium<\/strong><\/a><\/div>\n<\/div>\n\n\n\n<p class=\"has-text-align-center\"><strong>Wersja w Pythonie konsolowa<\/strong><br>(dane przechowywane w pliku tekstowym zakupy.txt):<\/p>\n\n\n<div class=\"wp-block-image\">\n<figure class=\"aligncenter size-full\"><img loading=\"lazy\" decoding=\"async\" width=\"583\" height=\"792\" src=\"https:\/\/python-ai.pl\/wp-content\/uploads\/2025\/11\/obraz.png\" alt=\"\" class=\"wp-image-190\" srcset=\"https:\/\/python-ai.pl\/wp-content\/uploads\/2025\/11\/obraz.png 583w, https:\/\/python-ai.pl\/wp-content\/uploads\/2025\/11\/obraz-221x300.png 221w\" sizes=\"auto, (max-width: 583px) 100vw, 583px\" \/><\/figure>\n<\/div>\n\n\n<p class=\"has-text-align-center\"><strong>Wersja w Canvas przegl\u0105darkowa<\/strong><br>(dane przechowywane w przegl\u0105darce w LocalStorage):<\/p>\n\n\n<div class=\"wp-block-image\">\n<figure class=\"aligncenter size-full\"><img loading=\"lazy\" decoding=\"async\" width=\"524\" height=\"558\" src=\"https:\/\/python-ai.pl\/wp-content\/uploads\/2025\/11\/obraz-1.png\" alt=\"\" class=\"wp-image-191\" srcset=\"https:\/\/python-ai.pl\/wp-content\/uploads\/2025\/11\/obraz-1.png 524w, https:\/\/python-ai.pl\/wp-content\/uploads\/2025\/11\/obraz-1-282x300.png 282w\" sizes=\"auto, (max-width: 524px) 100vw, 524px\" \/><\/figure>\n<\/div>","protected":false},"excerpt":{"rendered":"<p>Najpro\u015bciej jak mo\u017cna:-dodawanie produkt\u00f3w-oraz ich usuwanie Utworzone r\u0119cznie z wszystkimi funkcjolno\u015bciami. A przetworzone poprzez AI na responsywan\u0105 wersj\u0119 webow\u0105: od desktopa po urz\u0105dzenia mobilne. Wersja w Pythonie konsolowa(dane przechowywane w pliku tekstowym zakupy.txt): Wersja w Canvas przegl\u0105darkowa(dane przechowywane w przegl\u0105darce w LocalStorage):<\/p>\n","protected":false},"author":1,"featured_media":0,"parent":0,"menu_order":0,"comment_status":"closed","ping_status":"closed","template":"","meta":{"footnotes":""},"class_list":["post-218","page","type-page","status-publish","hentry"],"jetpack_sharing_enabled":true,"_links":{"self":[{"href":"https:\/\/python-ai.pl\/index.php?rest_route=\/wp\/v2\/pages\/218","targetHints":{"allow":["GET"]}}],"collection":[{"href":"https:\/\/python-ai.pl\/index.php?rest_route=\/wp\/v2\/pages"}],"about":[{"href":"https:\/\/python-ai.pl\/index.php?rest_route=\/wp\/v2\/types\/page"}],"author":[{"embeddable":true,"href":"https:\/\/python-ai.pl\/index.php?rest_route=\/wp\/v2\/users\/1"}],"replies":[{"embeddable":true,"href":"https:\/\/python-ai.pl\/index.php?rest_route=%2Fwp%2Fv2%2Fcomments&post=218"}],"version-history":[{"count":2,"href":"https:\/\/python-ai.pl\/index.php?rest_route=\/wp\/v2\/pages\/218\/revisions"}],"predecessor-version":[{"id":232,"href":"https:\/\/python-ai.pl\/index.php?rest_route=\/wp\/v2\/pages\/218\/revisions\/232"}],"wp:attachment":[{"href":"https:\/\/python-ai.pl\/index.php?rest_route=%2Fwp%2Fv2%2Fmedia&parent=218"}],"curies":[{"name":"wp","href":"https:\/\/api.w.org\/{rel}","templated":true}]}}